{"id":3065,"date":"2022-04-19T19:02:34","date_gmt":"2022-04-19T17:02:34","guid":{"rendered":"https:\/\/sqenabarcelona.com\/?page_id=3065"},"modified":"2026-01-30T16:53:29","modified_gmt":"2026-01-30T15:53:29","slug":"aviso-legal","status":"publish","type":"page","link":"https:\/\/sqenabarcelona.com\/es\/aviso-legal\/","title":{"rendered":"Aviso Legal"},"content":{"rendered":"\t\t<div data-elementor-type=\"wp-page\" data-elementor-id=\"3065\" class=\"elementor elementor-3065 elementor-3\" data-elementor-post-type=\"page\">\n\t\t\t\t<div class=\"elementor-element elementor-element-490d317 e-flex e-con-boxed e-con e-parent\" data-id=\"490d317\" data-element_type=\"container\" data-e-type=\"container\">\n\t\t\t\t\t<div class=\"e-con-inner\">\n\t\t<div class=\"elementor-element elementor-element-3251f4a e-con-full e-flex e-con e-child\" data-id=\"3251f4a\" data-element_type=\"container\" data-e-type=\"container\">\n\t\t\t\t<div class=\"elementor-element elementor-element-772086b elementor-widget elementor-widget-heading\" data-id=\"772086b\" data-element_type=\"widget\" data-e-type=\"widget\" data-widget_type=\"heading.default\">\n\t\t\t\t<div class=\"elementor-widget-container\">\n\t\t\t\t\t<h1 class=\"elementor-heading-title elementor-size-default\">Av\u00edso Legal<\/h1>\t\t\t\t<\/div>\n\t\t\t\t<\/div>\n\t\t\t\t<div class=\"elementor-element elementor-element-8a3910b elementor-widget elementor-widget-text-editor\" data-id=\"8a3910b\" data-element_type=\"widget\" data-e-type=\"widget\" data-widget_type=\"text-editor.default\">\n\t\t\t\t<div class=\"elementor-widget-container\">\n\t\t\t\t\t\t\t\t\t<p>En cumplimiento del deber informaci\u00f3n recogido en el art\u00edculo 10 de la Ley 34\/2002, de 11 de julio, de Servicios de la Sociedad de la Informaci\u00f3n y del E-commerce, os informamos que el portal de Internet <a href=\"https:\/\/sqenabarcelona.com\/\">https:\/\/sqenabarcelona.com\/ <\/a>(de ahora en adelante, el \u00abSitio web\u00bb) es titularidad de Medisqena S.L. con CIF: B66603879, y Paseo de San Juan, N.\u00ba 46, Entresuelo, 1.\u00aa, 08010, Barcelona. Este aviso legal regula las condiciones de uso del portal mencionado de Internet.<\/p><h2>Ley aplicable y jurisdicci\u00f3n<\/h2><p>Con car\u00e1cter general, las relaciones entre Medisqena S.L.\u00a0 y los usuarios de sus servicios telem\u00e1ticos, presentes al Sitio web, se encuentran sometidas a la legislaci\u00f3n y jurisdicci\u00f3n espa\u00f1olas.\u00a0El fuero aplicable es lo del domicilio del demandado, salvo que se trate de un procedimiento en ejercicio individual en defensa de los derechos de los consumidores, caso en que la competencia es a elecci\u00f3n del consumidor demandante, que puede optar entre el tribunal de su domicilio o el tribunal correspondiente de acuerdo con los art\u00edculos 50 y 51 de la ley de enjuiciamiento civil.<\/p><h2>Aceptaci\u00f3n del usuario<\/h2><p>Este Aviso Legal regula el acceso y la utilizaci\u00f3n del Sitio web que Medisqena S.L.\u00a0 pone a disposici\u00f3n de los usuarios de Internet. Se considera usuario la persona que acceda, navegue, utilice o participio en los servicios y actividades del Sitio web.\u00a0El usuario queda informado y acepta que el acceso al presente Sitio web no supone, de ninguna forma, el inicio de una relaci\u00f3n comercial con Medisqena S.L.\u00a0El acceso y navegaci\u00f3n al Sitio web por parte del usuario supone la aceptaci\u00f3n de la totalidad de las presentes Condiciones de Uso. En caso de desacuerdo con las condiciones, hay que abstenerse de usar el Sitio web.<\/p><h2>Acceso al sitio web \u2013 https:\/\/sqenabarcelona.com\/\u00a0<\/h2><p>El acceso al sitio web por parte de los usuarios es de car\u00e1cter libre y gratuito. Algunos servicios se pueden encontrar sujetos en contrataci\u00f3n previa del servicio.\u00a0Si es necesario que el usuario aporte datos personales para acceder a alguno de los servicios, la recogida y el tratamiento de los datos se realizar\u00e1n de conformidad con la normativa vigente, en concreto con el RGPD. Para mayor informaci\u00f3n, consult\u00e1is nuestra pol\u00edtica de privacidad a https:\/\/sqenabarcelona.com\/es\/politicadeprivacidad\u00a0<\/p><h2>Contenido y uso<\/h2><p>La visita al Sitio web por parte del usuario tendr\u00e1 que hacerse de forma responsable y de conformidad con la legalidad vigente, la buena fe, este Aviso Legal y respetando los derechos de propiedad intelectual e industrial de Medisqena S.L.\u00a0 o de cualquier otra persona f\u00edsica o jur\u00eddica.<\/p><p>El uso de cualquier de los contenidos del Sitio web con fines il\u00edcitos queda totalmente prohibido, as\u00ed como la realizaci\u00f3n de cualquier acci\u00f3n que cause o pueda causar da\u00f1os o alteraciones no consentidas al Sitio web o a sus contenidos.<\/p><p>El titular del Sitio web no se identifica con las opiniones que se abocan por sus colaboradores. As\u00ed mismo, el titular del Sitio web se reserva el derecho de efectuar sin previo aviso las modificaciones que considere oportunas al Sitio web, pudiendo cambiar, suprimir o a\u00f1adir tanto los contenidos y servicios que se presten a trav\u00e9s de esta como la forma en que estos aparezcan presentados o localizados a sus servidores.<\/p><h2>Propiedad intelectual e industrial<\/h2><p>Los derechos de propiedad intelectual del contenido del Sitio web, su dise\u00f1o gr\u00e1fico y c\u00f3digos son titularidad de Medisqena S.L.\u00a0 y, por lo tanto, queda prohibida su reproducci\u00f3n, distribuci\u00f3n, comunicaci\u00f3n p\u00fablica, transformaci\u00f3n o cualquier otra actividad que se realice con los contenidos del Sitio web sin el consentimiento previo, expr\u00e9s y por escrito del titular.<\/p><p>Todos los nombres comerciales, marcas o signos distintivos contenidos al Sitio web son propiedad de sus propietarios y est\u00e1n protegidos por ley. Medisqena S.L.\u00a0 no concede ninguna licencia o autorizaci\u00f3n de uso sobre sus derechos de propiedad intelectual e industrial o sobre cualquier otra propiedad relacionada con el Sitio web. Cualquier uso de estos contenidos no autorizado previamente ser\u00e1 considerado un incumplimiento grave de los derechos de propiedad intelectual o industrial y dar\u00e1 lugar a las responsabilidades legalmente establecidas.<\/p><h2>Responsabilidad y garant\u00edas<\/h2><p>Medisqena S.L. declara que ha adoptado las medidas necesarias que, dentro de sus posibilidades y el estado de la tecnolog\u00eda, permitan el funcionamiento correcto de su sitio web, as\u00ed como la ausencia de virus y componentes nocivos. Aun as\u00ed, no se hace responsable de:<\/p><ul><li>La continuidad y la disponibilidad de los contenidos.<\/li><li>La ausencia de errores ni la correcci\u00f3n de defectos.<\/li><li>La ausencia de virus y\/u otros componentes nocivos.<\/li><li>Los da\u00f1os o perjuicios causados por cualquier persona que vulnere los sistemas de seguridad del Sitio web.<\/li><li>El uso indebido que los usuarios puedan hacer de los contenidos del sitio web.<\/li><li>El uso por menores de edad sin el permiso de los tutores.<\/li><li>Los contenidos a que el usuario pueda acceder a trav\u00e9s de enlaces no autorizados.<\/li><li>La introducci\u00f3n de datos err\u00f3neos por parte del usuario o de un tercero.<\/li><\/ul><p>Medisqena S.L.\u00a0 podr\u00e1 suspender temporalmente y sin aviso previo la accesibilidad al Sitio web con motivo de mantenimiento, reparaci\u00f3n, actualizaci\u00f3n o mejora.<\/p><h2>Cookies<\/h2><p>Medisqena S.L. utiliza cookies para optimizar y personalizar la navegaci\u00f3n del usuario. Las galletas son ficheros f\u00edsicos de informaci\u00f3n que se alojan al terminal del usuario y sirven para mejorar la experiencia de navegaci\u00f3n. Para mayor informaci\u00f3n, consultar nuestra Pol\u00edtica de Cookies a https:\/\/sqenabarcelona.com\/es\/cookies\/\u00a0<\/p><h2>Enlaces a otros sitios web (links)<\/h2><p>La presencia de enlaces (links) al Sitio web hacia otros lugares de Internet tiene una finalidad meramente informativa y en ning\u00fan caso no supone una sugerencia, invitaci\u00f3n o recomendaci\u00f3n sobre estos. Medisqena S.L.\u00a0 no asume responsabilidad por los contenidos de enlaces pertenecientes a sitios web ajenos.\u00a0En caso de que a otros sitios web se establezcan enlaces en el sitio web de Medisqena S.L. no se entender\u00e1 que hab\u00e9is autorizado el enlace o el contenido del sitio web donde se contiene el enlace.<\/p><h2>Modificaci\u00f3n de las condiciones<\/h2><p>Medisqena S.L. se reserva expresamente el derecho a modificar unilateralmente, total o parcialmente, sin necesidad de previo aviso, este Aviso Legal. El usuario reconoce y acepta que es responsabilidad suya revisar peri\u00f3dicamente este Aviso Legal.<\/p>\t\t\t\t\t\t\t\t<\/div>\n\t\t\t\t<\/div>\n\t\t\t\t<\/div>\n\t\t\t\t\t<\/div>\n\t\t\t\t<\/div>\n\t\t\t\t<\/div>\n\t\t","protected":false},"excerpt":{"rendered":"<p>Av\u00edso Legal En cumplimiento del deber informaci\u00f3n recogido en el art\u00edculo 10 de la Ley 34\/2002, de 11 de julio, de Servicios de la Sociedad de la Informaci\u00f3n y del E-commerce, os informamos que el portal de Internet https:\/\/sqenabarcelona.com\/ (de ahora en adelante, el \u00abSitio web\u00bb) es titularidad de Medisqena S.L. con CIF: B66603879, y [&hellip;]<\/p>\n","protected":false},"author":3,"featured_media":0,"parent":0,"menu_order":0,"comment_status":"closed","ping_status":"open","template":"","meta":{"_joinchat":[],"footnotes":""},"class_list":["post-3065","page","type-page","status-publish","hentry"],"_links":{"self":[{"href":"https:\/\/sqenabarcelona.com\/es\/wp-json\/wp\/v2\/pages\/3065","targetHints":{"allow":["GET"]}}],"collection":[{"href":"https:\/\/sqenabarcelona.com\/es\/wp-json\/wp\/v2\/pages"}],"about":[{"href":"https:\/\/sqenabarcelona.com\/es\/wp-json\/wp\/v2\/types\/page"}],"author":[{"embeddable":true,"href":"https:\/\/sqenabarcelona.com\/es\/wp-json\/wp\/v2\/users\/3"}],"replies":[{"embeddable":true,"href":"https:\/\/sqenabarcelona.com\/es\/wp-json\/wp\/v2\/comments?post=3065"}],"version-history":[{"count":0,"href":"https:\/\/sqenabarcelona.com\/es\/wp-json\/wp\/v2\/pages\/3065\/revisions"}],"wp:attachment":[{"href":"https:\/\/sqenabarcelona.com\/es\/wp-json\/wp\/v2\/media?parent=3065"}],"curies":[{"name":"wp","href":"https:\/\/api.w.org\/{rel}","templated":true}]}}