{"id":3080,"date":"2025-12-19T13:33:48","date_gmt":"2025-12-19T12:33:48","guid":{"rendered":"https:\/\/sqenabarcelona.com\/?page_id=3080"},"modified":"2026-01-30T11:28:59","modified_gmt":"2026-01-30T10:28:59","slug":"politica-de-cookies","status":"publish","type":"page","link":"https:\/\/sqenabarcelona.com\/es\/politica-de-cookies\/","title":{"rendered":"Pol\u00edtica de Cookies"},"content":{"rendered":"\t\t<div data-elementor-type=\"wp-page\" data-elementor-id=\"3080\" class=\"elementor elementor-3080 elementor-1960\" data-elementor-post-type=\"page\">\n\t\t\t\t<div class=\"elementor-element elementor-element-021ad25 e-flex e-con-boxed e-con e-parent\" data-id=\"021ad25\" data-element_type=\"container\" data-e-type=\"container\">\n\t\t\t\t\t<div class=\"e-con-inner\">\n\t\t<div class=\"elementor-element elementor-element-0cfb247 e-con-full e-flex e-con e-child\" data-id=\"0cfb247\" data-element_type=\"container\" data-e-type=\"container\">\n\t\t\t\t<div class=\"elementor-element elementor-element-79089ae elementor-widget elementor-widget-heading\" data-id=\"79089ae\" data-element_type=\"widget\" data-e-type=\"widget\" data-widget_type=\"heading.default\">\n\t\t\t\t<div class=\"elementor-widget-container\">\n\t\t\t\t\t<h1 class=\"elementor-heading-title elementor-size-default\">Pol\u00edtica de cookies<\/h1>\t\t\t\t<\/div>\n\t\t\t\t<\/div>\n\t\t\t\t<div class=\"elementor-element elementor-element-d8897ea elementor-widget elementor-widget-text-editor\" data-id=\"d8897ea\" data-element_type=\"widget\" data-e-type=\"widget\" data-widget_type=\"text-editor.default\">\n\t\t\t\t<div class=\"elementor-widget-container\">\n\t\t\t\t\t\t\t\t\t<p>En cumplimiento del deber informaci\u00f3n recogido en el apartado 2.\u00ba del art\u00edculo 22 de la Ley 34\/2002, de 11 de julio, de Servicios de la Sociedad de la Informaci\u00f3n y del E-commerce, esta pol\u00edtica de cookies tiene por finalidad informarte de manera clara y precisa sobre las cookies que se utilizan al sitio web de Medisqena S.L.<\/p><h2>1. Qu\u00e9 son las cookies?<\/h2><p>Una cookie es un peque\u00f1o fichero que los sitios web env\u00edan al navegador y se descargan a tu ordenador. Las cookies permiten que la p\u00e1gina web almacene y recupere cierta informaci\u00f3n sobre tu visita, como por ejemplo tu idioma preferido y otras opciones, con el fin de mejorar los servicios que se ofrecen y contribuir a tener una experiencia de navegaci\u00f3n mejor para el usuario.<\/p><p>Una cookie es un fichero de medida peque\u00f1a que los sitios web env\u00edan al navegador y se descargan a tu ordenador. Las cookies permiten que la p\u00e1gina web almacene y recupere cierta informaci\u00f3n sobre tu visita, como por ejemplo tu idioma preferido y otras opciones, para mejorar los servicios que se ofrecen y contribuir a tener una mejor experiencia de navegaci\u00f3n para el usuario.<\/p><h2>2. Tipo de cookies<\/h2><p>En funci\u00f3n de quien gestione el dominio desde donde se env\u00edan las cookies y se traten los datos, se distinguir\u00e1 entre cookies propias y cookies de terceros. Las cookies tambi\u00e9n se pueden clasificar seg\u00fan el plazo de tiempo que permanezcan almacenadas al navegador del usuario, distingui\u00e9ndose entre cookies de sesi\u00f3n o cookies persistentes. <span style=\"font-size: 1rem;\">Finalmente, en funci\u00f3n de la finalidad para la cual se trate la informaci\u00f3n recopilada, las cookies se pueden clasificar en las categor\u00edas siguientes:<\/span><\/p><ul><li>Cookies t\u00e9cnicas: son aquellas que permiten al usuario la navegaci\u00f3n a trav\u00e9s de una p\u00e1gina web, plataforma o aplicaci\u00f3n y la utilizaci\u00f3n de las diferentes opciones o servicios que haya, incluyendo aquellas que el editor utiliza para permitir la gesti\u00f3n y operativa de la p\u00e1gina web y habilitar las funciones y servicios, como por ejemplo controlar el tr\u00e1fico y la comunicaci\u00f3n de datos, identificar la sesi\u00f3n, acceder a partes de acceso restringido, recordar los elementos que integran un pedido, comprar un pedido, gestionar el pago, controlar el fraude vinculado a la seguridad del servicio, hacer la solicitud de inscripci\u00f3n o participaci\u00f3n en un acontecimiento, contar visitas a efectos de la facturaci\u00f3n de licencias del software con que funciona el servicio (sitio web, plataforma o aplicaci\u00f3n), utilizar elementos de seguridad durante la navegaci\u00f3n, almacenar contenidos (por ejemplo, animaci\u00f3n de carga de un texto o imagen) o compartir contenidos a trav\u00e9s de redes sociales. Tambi\u00e9n pertenecen a esta categor\u00eda, por su naturaleza t\u00e9cnica, aquellas cookies que permiten la gesti\u00f3n, de la manera m\u00e1s eficaz posible, de los espacios publicitarios que, como un elemento m\u00e1s de dise\u00f1o o \u201cmaquetaci\u00f3n\u201d del servicio ofrecido al usuario, el editor haya incluido en una p\u00e1gina web, aplicaci\u00f3n o plataforma bas\u00e1ndonos en criterios como el contenido editado, sin que se recopile informaci\u00f3n de los usuarios con fines diferentes, como por ejemplo personalizar este contenido publicitario u otros contenidos.<br \/><br \/><\/li><li>Cookies de preferencia o personalizaci\u00f3n: permiten recordar informaci\u00f3n para que el usuario acceda al servicio con determinadas caracter\u00edsticas, como por ejemplo el idioma, el n\u00famero de resultados a mostrar, el aspecto o el contenido del servicio en funci\u00f3n del navegador utilizado o de la regi\u00f3n desde la cual se accede al servicio, etc. Si es lo mismo usuario qui\u00e9n escoge estas caracter\u00edsticas (por ejemplo, si seleccion\u00e1is el idioma de un sitio web clicando al icono de la bandera del pa\u00eds correspondiente, la moneda que quer\u00e9is utilizar en las transacciones, la medida de fuente o el contraste de color entre el fondo el contenido para mejorar la legibilidad), las cookies estar\u00e1n exceptuadas de consentimiento para considerarse un servicio expresamente solicitado por el usuario. Cookies de complemento para intercambiar contenidos sociales: los llamados plug-in, que permiten compartir contenidos en redes sociales.<br \/><br \/><\/li><li>Cookies de an\u00e1lisis o medida: son aquellas que permiten al responsable de las mismas el seguimiento y an\u00e1lisis del comportamiento de los usuarios de los sitios web a los cuales est\u00e1n vinculadas, incluida la cuantificaci\u00f3n de los impactos de los anuncios. La informaci\u00f3n recogida mediante este tipo de cookies se utiliza en la medici\u00f3n de la actividad de los sitios web, aplicaci\u00f3n o plataforma, para introducir mejoras en funci\u00f3n del an\u00e1lisis de los datos de uso que hacen los usuarios del servicio. Respecto al tratamiento de datos recogidos a trav\u00e9s de las cookies de an\u00e1lisis.<br \/><br \/><\/li><li>Cookies de publicidad comportamental: son aquellas que almacenan informaci\u00f3n del comportamiento de los usuarios obtenidos a trav\u00e9s de la observaci\u00f3n continuada de sus h\u00e1bitos de navegaci\u00f3n, cosa que permite desarrollar un perfil espec\u00edfico para mostrar publicidad en funci\u00f3n del mismo. En todo caso, hay que tener en cuenta que estas tipolog\u00edas se ofrecen a t\u00edtulo orientativo porque son las m\u00e1s habituales. Los editores y los terceros podr\u00e1n realizar las categorizaciones que consideren que mejor se ajustan a las finalidades de las cookies que utilizan, de forma que se respete el principio de transparencia ante los usuarios.<br \/><br \/><\/li><li>Cookies de geolocalizaci\u00f3n: utilizadas para averiguar el pa\u00eds donde se encuentra el usuario.<br \/><br \/><\/li><li>Cookies de sesi\u00f3n: son aquellas dise\u00f1adas para pedir y almacenar datos mientras el usuario accede en una p\u00e1gina web. Se suelen emplear para almacenar informaci\u00f3n que solo interesa conservar para la prestaci\u00f3n del servicio solicitado por el usuario en una sola ocasi\u00f3n (por ejemplo, una lista de productos adquiridos) y desaparecen al acabar la sesi\u00f3n.<br \/><br \/><\/li><li>Cookies persistentes: son aquellas en que los datos siguen almacenadas al terminal y pueden ser accedidas y tratadas durante un periodo definido por el responsable de la galleta, y que puede ir de unos minutos en varios a\u00f1os.<\/li><\/ul><h2>3. Autorizaci\u00f3n para el uso de cookies<\/h2><p>De conformidad con el aviso de Cookies que aparece al sitio web, puedes consentir expresamente el uso de Cookies que requieran consentimiento; sin embargo, el uso de cookies t\u00e9cnicas o necesarias no requiere consentimiento. Sin perjuicio de todo esto, pod\u00e9is modificar la configuraci\u00f3n de vuestro navegador para bloquear el uso de cookies.<\/p><h2>4. Como modificar la configuraci\u00f3n de las cookies<\/h2><p>Pod\u00e9is restringir, bloquear o borrar las Cookies de esta web o cualquier otra p\u00e1gina web utilizando vuestro navegador. A cada navegador la operativa es diferente, puedes encontrar como hacerlo en el men\u00fa de ayuda de tu navegador donde se establece el procedimiento para eliminarlo. Para mayor informaci\u00f3n:<\/p><ul><li>Cookies t\u00e9cnicas: son aquellas que permiten al usuario la navegaci\u00f3n a trav\u00e9s de una p\u00e1gina web, plataforma o aplicaci\u00f3n y la utilizaci\u00f3n de las diferentes opciones o servicios que haya, incluyendo aquellas que el editor utiliza para permitir la gesti\u00f3n y operativa de la p\u00e1gina web y habilitar sus funciones y servicios, como, por ejemplo, controlar el tr\u00e1fico y la comunicaci\u00f3n de datos, identificar la sesi\u00f3n, acceder a partes de acceso restringido, recordar los elementos que integran el fraude vinculado a la seguridad del servicio, hacer la solicitud de inscripci\u00f3n o participaci\u00f3n en un acontecimiento, contar visitas a efectos de la facturaci\u00f3n de licencias del software con que funciona el servicio (sitio web, plataforma o aplicaci\u00f3n), utilizar elementos de seguridad durante la navegaci\u00f3n, almacenar contenidos para la difusi\u00f3n de videos o sonido, habilitar contenidos din\u00e1micos (por ejemplo, animaci\u00f3n de carga de un texto). Tambi\u00e9n pertenecen a esta categor\u00eda, por su naturaleza t\u00e9cnica, aquellas galletas que permiten la gesti\u00f3n, de la manera m\u00e1s eficaz posible, de los espacios publicitarios que, como un elemento m\u00e1s de dise\u00f1o o \u00abmaquetaci\u00f3n\u00bb del servicio ofrecido al usuario, el editor haya incluido en una p\u00e1gina web, aplicaci\u00f3n o plataforma bas\u00e1ndose en criterios como el contenido editado, sin que se recopile informaci\u00f3n de los usuarios con fines diferentes, como por ejemplo personalizar este contenido publicitario u otros contenidos.\u00a0<br \/><br \/><\/li><li>Cookies de preferencia o personalizaci\u00f3n: permiten recordar informaci\u00f3n para que el usuario acceda al servicio con determinadas caracter\u00edsticas, como por ejemplo el idioma, el n\u00famero de resultados a mostrar, el aspecto o contenido del servicio en funci\u00f3n del navegador utilizado o de la regi\u00f3n desde donde se accede al servicio, etc. Si es lo mismo usuario qui\u00e9n elige estas caracter\u00edsticas (por ejemplo, si seleccion\u00e1is el idioma de un sitio web clicando al icono de la bandera del pa\u00eds correspondiente, la moneda que quer\u00e9is utilizar en las transacciones, la medida de fuente o el contraste de color entre el fondo el contenido para mejorar la legibilidad), las cookies estar\u00e1n exceptuadas de consentimiento para considerarse un servicio expresamente solicitado por el usuario.<br \/><br \/><\/li><li>Cookies de an\u00e1lisis o medida: son aquellas que permiten al responsable de las mismas el seguimiento y an\u00e1lisis del comportamiento de los usuarios de los sitios web a los cuales est\u00e1n vinculadas, incluida la cuantificaci\u00f3n de los impactos de los anuncios. La informaci\u00f3n recogida mediante este tipo de galletas se utiliza en la medici\u00f3n de la actividad de los sitios web, aplicaci\u00f3n o plataforma, para introducir mejoras en funci\u00f3n del an\u00e1lisis de los datos de uso que hacen los usuarios del servicio. Respecto al tratamiento de datos recogidos a trav\u00e9s de las galletas de an\u00e1lisis.<\/li><\/ul><h2>3. Autorizaci\u00f3n para el uso de cookies<\/h2><p>De conformidad con el aviso de Cookies que aparece al sitio web, puedes consentir expresamente el uso de Cookies que requieran consentimiento; sin embargo, el uso de cookies t\u00e9cnicas o necesarias no requiere consentimiento. Sin perjuicio de todo esto, pod\u00e9is modificar la configuraci\u00f3n de vuestro navegador para bloquear el uso de las cookies.<\/p><h2>4. Como modificar la configuraci\u00f3n de las cookies\u00a0<\/h2><p>Puedes restringir, bloquear o borrar las cookies de *Medisqena S.L. o cualquier otra p\u00e1gina web utilizando tu navegador. A cada navegador la operativa es diferente, pod\u00e9is encontrar como hacerlo en el men\u00fa de ayuda\u00a0de vuestro navegador donde se establece el procedimiento para su eliminaci\u00f3n.<\/p><h3>Google Chrome:<\/h3><p>Fez clic a los tres puntos verticales a la esquina superior derecha.<br \/>Seleccion\u00e1is \u00abConfiguraci\u00f3n\u00bb.\u00a0A la secci\u00f3n \u00abPrivacidad y seguridad\u00bb, hac\u00e9is clic a \u00abCookies y otros datos de lugares\u00bb.<br \/>Fez clic a \u00abVer todas las Cookies y datos de lugares\u00bb y despu\u00e9s a \u00abEliminar todo\u00bb.<\/p><h3>Mozilla Firefox:<\/h3><p>Haz clic a las tres l\u00edneas horizontales a la esquina superior derecha.<br \/>Seleccion\u00e1is \u00abOpciones\u00bb. A la secci\u00f3n \u00abPrivacidad y seguridad\u00bb, busca \u00abCookies y datos del lugar\u00bb. Haz clic a \u00abLimpiar datos\u00bb y selecciona \u00abCookies y datos del lugar\u00bb.<\/p><h3>Microsoft Edge:<\/h3><p>Haz clic a los tres puntos horizontales a la esquina superior derecha.<br \/>Seleccion\u00e1is \u00abConfiguraci\u00f3n\u00bb.\u00a0A la secci\u00f3n \u00abPrivacidad, b\u00fasqueda y servicios\u00bb, hac\u00e9is clic a \u00abEleg\u00eds qu\u00e9 borrar\u00bb.<br \/>Marc\u00e1is la casilla \u00abCookies y otros datos del lugar\u00bb y hac\u00e9is clic a \u00abBorra ahora\u00bb.<\/p><p>Es posible que al deshabilitar las Cookies, la p\u00e1gina web no funcione correctamente o no puedas acceder a determinadas funciones de esta.<\/p><h2>5. Cookies utilizadas en este sitio web<\/h2><p>En este sitio web se utilizan diferentes tipos de Cookies con diferentes finalidades, a continuaci\u00f3n, se enumeran las Cookies empleadas T\u00e9cnicamente necesarias, funcionales y de seguridad. Servicios tratados por nosotros o por terceros, nos permiten cuantificar el n\u00famero de usuarios y as\u00ed realizar la medici\u00f3n y el an\u00e1lisis estad\u00edstico de la utilizaci\u00f3n que hacen los usuarios del servicio ofrecido. Por eso se analiza vuestra navegaci\u00f3n en nuestra p\u00e1gina web para mejorar la oferta de productos o servicios que os ofrecemos.<\/p><h2>6. Modificaci\u00f3n de esta pol\u00edtica<\/h2><p>Medisqena S.L. se reserva expresamente el derecho a modificar unilateralmente, total o parcialmente, sin necesidad de previo aviso, esta Pol\u00edtica de Cookies. El usuario reconoce y acepta que es responsabilidad suya revisar, con regularidad, esta Pol\u00edtica de Cookies.<\/p>\t\t\t\t\t\t\t\t<\/div>\n\t\t\t\t<\/div>\n\t\t\t\t<\/div>\n\t\t\t\t\t<\/div>\n\t\t\t\t<\/div>\n\t\t\t\t<\/div>\n\t\t","protected":false},"excerpt":{"rendered":"<p>Pol\u00edtica de cookies En cumplimiento del deber informaci\u00f3n recogido en el apartado 2.\u00ba del art\u00edculo 22 de la Ley 34\/2002, de 11 de julio, de Servicios de la Sociedad de la Informaci\u00f3n y del E-commerce, esta pol\u00edtica de cookies tiene por finalidad informarte de manera clara y precisa sobre las cookies que se utilizan al [&hellip;]<\/p>\n","protected":false},"author":3,"featured_media":0,"parent":0,"menu_order":0,"comment_status":"closed","ping_status":"closed","template":"","meta":{"_joinchat":[],"footnotes":""},"class_list":["post-3080","page","type-page","status-publish","hentry"],"_links":{"self":[{"href":"https:\/\/sqenabarcelona.com\/es\/wp-json\/wp\/v2\/pages\/3080","targetHints":{"allow":["GET"]}}],"collection":[{"href":"https:\/\/sqenabarcelona.com\/es\/wp-json\/wp\/v2\/pages"}],"about":[{"href":"https:\/\/sqenabarcelona.com\/es\/wp-json\/wp\/v2\/types\/page"}],"author":[{"embeddable":true,"href":"https:\/\/sqenabarcelona.com\/es\/wp-json\/wp\/v2\/users\/3"}],"replies":[{"embeddable":true,"href":"https:\/\/sqenabarcelona.com\/es\/wp-json\/wp\/v2\/comments?post=3080"}],"version-history":[{"count":0,"href":"https:\/\/sqenabarcelona.com\/es\/wp-json\/wp\/v2\/pages\/3080\/revisions"}],"wp:attachment":[{"href":"https:\/\/sqenabarcelona.com\/es\/wp-json\/wp\/v2\/media?parent=3080"}],"curies":[{"name":"wp","href":"https:\/\/api.w.org\/{rel}","templated":true}]}}