{"id":3117,"date":"2025-12-29T23:59:23","date_gmt":"2025-12-29T22:59:23","guid":{"rendered":"https:\/\/sqenabarcelona.com\/?page_id=3117"},"modified":"2026-02-16T12:43:14","modified_gmt":"2026-02-16T11:43:14","slug":"centro-de-fisioterapia-en-barcelona","status":"publish","type":"page","link":"https:\/\/sqenabarcelona.com\/es\/tratamientos\/centro-de-fisioterapia-en-barcelona\/","title":{"rendered":"Fisioterapia"},"content":{"rendered":"\t\t<div data-elementor-type=\"wp-page\" data-elementor-id=\"3117\" class=\"elementor elementor-3117 elementor-2058\" data-elementor-post-type=\"page\">\n\t\t\t\t<div class=\"elementor-element elementor-element-94d49e1 e-flex e-con-boxed e-con e-parent\" data-id=\"94d49e1\" data-element_type=\"container\" data-e-type=\"container\" data-settings=\"{&quot;background_background&quot;:&quot;classic&quot;}\">\n\t\t\t\t\t<div class=\"e-con-inner\">\n\t\t\t\t<div class=\"elementor-element elementor-element-92f807e elementor-widget elementor-widget-heading\" data-id=\"92f807e\" data-element_type=\"widget\" data-e-type=\"widget\" data-widget_type=\"heading.default\">\n\t\t\t\t<div class=\"elementor-widget-container\">\n\t\t\t\t\t<span class=\"elementor-heading-title elementor-size-default\">Tratamientos<\/span>\t\t\t\t<\/div>\n\t\t\t\t<\/div>\n\t\t\t\t<div class=\"elementor-element elementor-element-6343acc elementor-widget elementor-widget-heading\" data-id=\"6343acc\" data-element_type=\"widget\" data-e-type=\"widget\" data-widget_type=\"heading.default\">\n\t\t\t\t<div class=\"elementor-widget-container\">\n\t\t\t\t\t<h1 class=\"elementor-heading-title elementor-size-default\">Fisioterapia<\/h1>\t\t\t\t<\/div>\n\t\t\t\t<\/div>\n\t\t\t\t\t<\/div>\n\t\t\t\t<\/div>\n\t\t<div class=\"elementor-element elementor-element-5297c52 e-flex e-con-boxed e-con e-parent\" data-id=\"5297c52\" data-element_type=\"container\" data-e-type=\"container\">\n\t\t\t\t\t<div class=\"e-con-inner\">\n\t\t\t\t<div class=\"elementor-element elementor-element-1ea2ce8 elementor-widget elementor-widget-text-editor\" data-id=\"1ea2ce8\" data-element_type=\"widget\" data-e-type=\"widget\" data-widget_type=\"text-editor.default\">\n\t\t\t\t<div class=\"elementor-widget-container\">\n\t\t\t\t\t\t\t\t\t<p data-path-to-node=\"7,0\">Cuando el cuerpo se detiene por una lesi\u00f3n o una patolog\u00eda, <b>necesitas a alguien que entienda tu ritmo<\/b>. La fisioterapia que ofrecemos es un traje a medida: analizamos tu biomec\u00e1nica y tu contexto para dise\u00f1ar un plan de recuperaci\u00f3n realista y efectivo.<\/p><p data-path-to-node=\"7,1\">Tanto si tu objetivo es mejorar una marca deportiva como ganar autonom\u00eda en procesos neurol\u00f3gicos, te acompa\u00f1amos en cada fase. <b>Desde el tratamiento del dolor agudo hasta la readaptaci\u00f3n final<\/b>, nuestro equipo pone las manos y el conocimiento para que tu cuerpo responda como esperas.<\/p>\t\t\t\t\t\t\t\t<\/div>\n\t\t\t\t<\/div>\n\t\t\t\t\t<\/div>\n\t\t\t\t<\/div>\n\t\t<div class=\"elementor-element elementor-element-10ab28b e-flex e-con-boxed e-con e-parent\" data-id=\"10ab28b\" data-element_type=\"container\" data-e-type=\"container\">\n\t\t\t\t\t<div class=\"e-con-inner\">\n\t\t<div class=\"elementor-element elementor-element-3465402 e-con-full e-flex e-con e-child\" data-id=\"3465402\" data-element_type=\"container\" data-e-type=\"container\">\n\t\t\t\t<div class=\"elementor-element elementor-element-a3c9f3b elementor-cta--skin-classic elementor-animated-content elementor-bg-transform elementor-bg-transform-zoom-in elementor-widget elementor-widget-call-to-action\" data-id=\"a3c9f3b\" data-element_type=\"widget\" data-e-type=\"widget\" data-widget_type=\"call-to-action.default\">\n\t\t\t\t<div class=\"elementor-widget-container\">\n\t\t\t\t\t\t\t<div class=\"elementor-cta\">\n\t\t\t\t\t<div class=\"elementor-cta__bg-wrapper\">\n\t\t\t\t<div class=\"elementor-cta__bg elementor-bg\" style=\"background-image: url(https:\/\/sqenabarcelona.com\/wp-content\/uploads\/2026\/01\/Fisioterapia-i-rehabilitacio-a-Sqena-Barcelona.jpg);\" role=\"img\" aria-label=\"Fisioter\u00e0pia i rehabilitaci\u00f3 a Sqena Barcelona\"><\/div>\n\t\t\t\t<div class=\"elementor-cta__bg-overlay\"><\/div>\n\t\t\t<\/div>\n\t\t\t\t\t\t\t<div class=\"elementor-cta__content\">\n\t\t\t\t\n\t\t\t\t\t\t\t\t\t<h2 class=\"elementor-cta__title elementor-cta__content-item elementor-content-item\">\n\t\t\t\t\t\tFisioterapia Deportiva\t\t\t\t\t<\/h2>\n\t\t\t\t\n\t\t\t\t\t\t\t\t\t<div class=\"elementor-cta__description elementor-cta__content-item elementor-content-item\">\n\t\t\t\t\t\tTrastornos osteoarticulares del deportista: pubalgias, tendinitis de repetici\u00f3n, inflamaciones por sobreesfuerzo.\nAdaptaci\u00f3n del cuerpo al gesto deportivo y preparaci\u00f3n al esfuerzo.\t\t\t\t\t<\/div>\n\t\t\t\t\n\t\t\t\t\t\t\t\t\t<div class=\"elementor-cta__button-wrapper elementor-cta__content-item elementor-content-item \">\n\t\t\t\t\t<a class=\"elementor-cta__button elementor-button elementor-size-\" href=\"https:\/\/sqenabarcelona.com\/tractaments\/fisioterapia\/fisioterapia-esportiva\/\">\n\t\t\t\t\t\tInfo\t\t\t\t\t<\/a>\n\t\t\t\t\t<\/div>\n\t\t\t\t\t\t\t<\/div>\n\t\t\t\t\t\t<\/div>\n\t\t\t\t\t\t<\/div>\n\t\t\t\t<\/div>\n\t\t\t\t<\/div>\n\t\t<div class=\"elementor-element elementor-element-6c2510f e-con-full e-flex e-con e-child\" data-id=\"6c2510f\" data-element_type=\"container\" data-e-type=\"container\">\n\t\t\t\t<div class=\"elementor-element elementor-element-3e16ca7 elementor-cta--skin-classic elementor-animated-content elementor-bg-transform elementor-bg-transform-zoom-in elementor-widget elementor-widget-call-to-action\" data-id=\"3e16ca7\" data-element_type=\"widget\" data-e-type=\"widget\" data-widget_type=\"call-to-action.default\">\n\t\t\t\t<div class=\"elementor-widget-container\">\n\t\t\t\t\t\t\t<div class=\"elementor-cta\">\n\t\t\t\t\t<div class=\"elementor-cta__bg-wrapper\">\n\t\t\t\t<div class=\"elementor-cta__bg elementor-bg\" style=\"background-image: url(https:\/\/sqenabarcelona.com\/wp-content\/uploads\/2023\/02\/neurologia_llistat.jpg);\" role=\"img\" aria-label=\"neurologia_llistat\"><\/div>\n\t\t\t\t<div class=\"elementor-cta__bg-overlay\"><\/div>\n\t\t\t<\/div>\n\t\t\t\t\t\t\t<div class=\"elementor-cta__content\">\n\t\t\t\t\n\t\t\t\t\t\t\t\t\t<h2 class=\"elementor-cta__title elementor-cta__content-item elementor-content-item\">\n\t\t\t\t\t\tFisioterapia Neurol\u00f3gica\t\t\t\t\t<\/h2>\n\t\t\t\t\n\t\t\t\t\t\t\t\t\t<div class=\"elementor-cta__description elementor-cta__content-item elementor-content-item\">\n\t\t\t\t\t\tDurante el proceso vital de una persona, puede sufrir problemas neurol\u00f3gicos, agudos o degenerativos. En estos momentos, la familia y la persona necesitan un asesoramiento espec\u00edfico y especializado.\t\t\t\t\t<\/div>\n\t\t\t\t\n\t\t\t\t\t\t\t\t\t<div class=\"elementor-cta__button-wrapper elementor-cta__content-item elementor-content-item \">\n\t\t\t\t\t<a class=\"elementor-cta__button elementor-button elementor-size-\" href=\"https:\/\/sqenabarcelona.com\/tractaments\/fisioterapia\/fisioterapia-neurologica\/\">\n\t\t\t\t\t\tInfo\t\t\t\t\t<\/a>\n\t\t\t\t\t<\/div>\n\t\t\t\t\t\t\t<\/div>\n\t\t\t\t\t\t<\/div>\n\t\t\t\t\t\t<\/div>\n\t\t\t\t<\/div>\n\t\t\t\t<\/div>\n\t\t\t\t\t<\/div>\n\t\t\t\t<\/div>\n\t\t\t\t<\/div>\n\t\t","protected":false},"excerpt":{"rendered":"<p>Tratamientos Fisioterapia Cuando el cuerpo se detiene por una lesi\u00f3n o una patolog\u00eda, necesitas a alguien que entienda tu ritmo. La fisioterapia que ofrecemos es un traje a medida: analizamos tu biomec\u00e1nica y tu contexto para dise\u00f1ar un plan de recuperaci\u00f3n realista y efectivo. Tanto si tu objetivo es mejorar una marca deportiva como ganar [&hellip;]<\/p>\n","protected":false},"author":3,"featured_media":1054,"parent":3100,"menu_order":0,"comment_status":"closed","ping_status":"closed","template":"","meta":{"_joinchat":[],"footnotes":""},"class_list":["post-3117","page","type-page","status-publish","has-post-thumbnail","hentry"],"_links":{"self":[{"href":"https:\/\/sqenabarcelona.com\/es\/wp-json\/wp\/v2\/pages\/3117","targetHints":{"allow":["GET"]}}],"collection":[{"href":"https:\/\/sqenabarcelona.com\/es\/wp-json\/wp\/v2\/pages"}],"about":[{"href":"https:\/\/sqenabarcelona.com\/es\/wp-json\/wp\/v2\/types\/page"}],"author":[{"embeddable":true,"href":"https:\/\/sqenabarcelona.com\/es\/wp-json\/wp\/v2\/users\/3"}],"replies":[{"embeddable":true,"href":"https:\/\/sqenabarcelona.com\/es\/wp-json\/wp\/v2\/comments?post=3117"}],"version-history":[{"count":3,"href":"https:\/\/sqenabarcelona.com\/es\/wp-json\/wp\/v2\/pages\/3117\/revisions"}],"predecessor-version":[{"id":3339,"href":"https:\/\/sqenabarcelona.com\/es\/wp-json\/wp\/v2\/pages\/3117\/revisions\/3339"}],"up":[{"embeddable":true,"href":"https:\/\/sqenabarcelona.com\/es\/wp-json\/wp\/v2\/pages\/3100"}],"wp:featuredmedia":[{"embeddable":true,"href":"https:\/\/sqenabarcelona.com\/es\/wp-json\/wp\/v2\/media\/1054"}],"wp:attachment":[{"href":"https:\/\/sqenabarcelona.com\/es\/wp-json\/wp\/v2\/media?parent=3117"}],"curies":[{"name":"wp","href":"https:\/\/api.w.org\/{rel}","templated":true}]}}