{"id":3133,"date":"2025-12-30T00:38:21","date_gmt":"2025-12-29T23:38:21","guid":{"rendered":"https:\/\/sqenabarcelona.com\/?page_id=3133"},"modified":"2026-03-05T13:49:31","modified_gmt":"2026-03-05T12:49:31","slug":"osteopatia-en-barcelona","status":"publish","type":"page","link":"https:\/\/sqenabarcelona.com\/es\/tratamientos\/osteopatia-en-barcelona\/","title":{"rendered":"Osteopat\u00eda"},"content":{"rendered":"\t\t<div data-elementor-type=\"wp-page\" data-elementor-id=\"3133\" class=\"elementor elementor-3133 elementor-2076\" data-elementor-post-type=\"page\">\n\t\t\t\t<div class=\"elementor-element elementor-element-c146695 e-flex e-con-boxed e-con e-parent\" data-id=\"c146695\" data-element_type=\"container\" data-e-type=\"container\" data-settings=\"{&quot;background_background&quot;:&quot;classic&quot;}\">\n\t\t\t\t\t<div class=\"e-con-inner\">\n\t\t\t\t<div class=\"elementor-element elementor-element-1c56eed elementor-widget elementor-widget-heading\" data-id=\"1c56eed\" data-element_type=\"widget\" data-e-type=\"widget\" data-widget_type=\"heading.default\">\n\t\t\t\t<div class=\"elementor-widget-container\">\n\t\t\t\t\t<span class=\"elementor-heading-title elementor-size-default\">Tratamientos<\/span>\t\t\t\t<\/div>\n\t\t\t\t<\/div>\n\t\t\t\t<div class=\"elementor-element elementor-element-c6756d8 elementor-widget elementor-widget-heading\" data-id=\"c6756d8\" data-element_type=\"widget\" data-e-type=\"widget\" data-widget_type=\"heading.default\">\n\t\t\t\t<div class=\"elementor-widget-container\">\n\t\t\t\t\t<h1 class=\"elementor-heading-title elementor-size-default\">Osteopat\u00eda<\/h1>\t\t\t\t<\/div>\n\t\t\t\t<\/div>\n\t\t\t\t\t<\/div>\n\t\t\t\t<\/div>\n\t\t\t\t<section class=\"elementor-section elementor-top-section elementor-element elementor-element-f4fc8f9 elementor-section-full_width elementor-section-stretched animated-fast elementor-section-height-default elementor-section-height-default elementor-invisible\" data-id=\"f4fc8f9\" data-element_type=\"section\" data-e-type=\"section\" data-settings=\"{&quot;stretch_section&quot;:&quot;section-stretched&quot;,&quot;animation&quot;:&quot;fadeIn&quot;}\">\n\t\t\t\t\t\t<div class=\"elementor-container elementor-column-gap-no\">\n\t\t\t\t\t<div class=\"elementor-column elementor-col-100 elementor-top-column elementor-element elementor-element-58030b6\" data-id=\"58030b6\" data-element_type=\"column\" data-e-type=\"column\">\n\t\t\t<div class=\"elementor-widget-wrap elementor-element-populated\">\n\t\t\t\t<div class=\"elementor-element elementor-element-30f5dbf e-flex e-con-boxed e-con e-parent\" data-id=\"30f5dbf\" data-element_type=\"container\" data-e-type=\"container\">\n\t\t\t\t\t<div class=\"e-con-inner\">\n\t\t\t\t<div class=\"elementor-element elementor-element-04fceaf elementor-widget elementor-widget-text-editor\" data-id=\"04fceaf\" data-element_type=\"widget\" data-e-type=\"widget\" data-widget_type=\"text-editor.default\">\n\t\t\t\t<div class=\"elementor-widget-container\">\n\t\t\t\t\t\t\t\t\t<p>La osteopat\u00eda<b> es mucho m\u00e1s que manipulaciones vertebrales. <\/b>Es una disciplina que busca la ra\u00edz del problema, sea una mala postura, una digesti\u00f3n dif\u00edcil o el estr\u00e9s acumulado en la mand\u00edbula. Nuestro reto en <b>Sqena Barcelona<\/b> es detectar qu\u00e9 estructura ha perdido el equilibrio y est\u00e1 condicionando tu salud.<\/p><p><b>Fusionamos lo mejor de la fisioterapia y la osteopat\u00eda para ofrecer un tratamiento completo<\/b> que va m\u00e1s all\u00e1 del alivio inmediato. Queremos que entiendas tu cuerpo y recuperes el bienestar de forma duradera. Para ello, dividimos nuestro abordaje en tres grandes \u00e1reas especializadas que, a menudo, se complementan entre s\u00ed.<\/p>\t\t\t\t\t\t\t\t<\/div>\n\t\t\t\t<\/div>\n\t\t\t\t\t<\/div>\n\t\t\t\t<\/div>\n\t\t\t\t\t<\/div>\n\t\t<\/div>\n\t\t\t\t\t<\/div>\n\t\t<\/section>\n\t\t<div class=\"elementor-element elementor-element-e4ef0c9 e-flex e-con-boxed e-con e-parent\" data-id=\"e4ef0c9\" data-element_type=\"container\" data-e-type=\"container\">\n\t\t\t\t\t<div class=\"e-con-inner\">\n\t\t<div class=\"elementor-element elementor-element-0b20103 e-con-full e-flex e-con e-child\" data-id=\"0b20103\" data-element_type=\"container\" data-e-type=\"container\">\n\t\t\t\t<div class=\"elementor-element elementor-element-6eb8535 elementor-cta--skin-classic elementor-animated-content elementor-bg-transform elementor-bg-transform-zoom-in elementor-widget elementor-widget-call-to-action\" data-id=\"6eb8535\" data-element_type=\"widget\" data-e-type=\"widget\" data-widget_type=\"call-to-action.default\">\n\t\t\t\t<div class=\"elementor-widget-container\">\n\t\t\t\t\t\t\t<div class=\"elementor-cta\">\n\t\t\t\t\t<div class=\"elementor-cta__bg-wrapper\">\n\t\t\t\t<div class=\"elementor-cta__bg elementor-bg\" style=\"background-image: url(https:\/\/sqenabarcelona.com\/wp-content\/uploads\/2026\/01\/Osteopatia-i-terapia-manual.jpg);\" role=\"img\" aria-label=\"Osteopatia i ter\u00e0pia manual\"><\/div>\n\t\t\t\t<div class=\"elementor-cta__bg-overlay\"><\/div>\n\t\t\t<\/div>\n\t\t\t\t\t\t\t<div class=\"elementor-cta__content\">\n\t\t\t\t\n\t\t\t\t\t\t\t\t\t<h2 class=\"elementor-cta__title elementor-cta__content-item elementor-content-item\">\n\t\t\t\t\t\tOsteopat\u00eda<br>estructural\t\t\t\t\t<\/h2>\n\t\t\t\t\n\t\t\t\t\t\t\t\t\t<div class=\"elementor-cta__description elementor-cta__content-item elementor-content-item\">\n\t\t\t\t\t\tRestablecemos el equilibrio del cuerpo para corregir malas posturas y bloqueos articulares. Ideal para tratar contracturas cr\u00f3nicas o lesiones deportivas, asegurando que huesos y m\u00fasculos trabajen en armon\u00eda para mejorar tu calidad de vida.\t\t\t\t\t<\/div>\n\t\t\t\t\n\t\t\t\t\t\t\t\t\t<div class=\"elementor-cta__button-wrapper elementor-cta__content-item elementor-content-item \">\n\t\t\t\t\t<a class=\"elementor-cta__button elementor-button elementor-size-\" href=\"https:\/\/sqenabarcelona.com\/tractaments\/osteopatia\/osteopatia-estructural\/\">\n\t\t\t\t\t\tInfo\t\t\t\t\t<\/a>\n\t\t\t\t\t<\/div>\n\t\t\t\t\t\t\t<\/div>\n\t\t\t\t\t\t<\/div>\n\t\t\t\t\t\t<\/div>\n\t\t\t\t<\/div>\n\t\t\t\t<\/div>\n\t\t<div class=\"elementor-element elementor-element-636d15c e-con-full e-flex e-con e-child\" data-id=\"636d15c\" data-element_type=\"container\" data-e-type=\"container\">\n\t\t\t\t<div class=\"elementor-element elementor-element-4ee7b51 elementor-cta--skin-classic elementor-animated-content elementor-bg-transform elementor-bg-transform-zoom-in elementor-widget elementor-widget-call-to-action\" data-id=\"4ee7b51\" data-element_type=\"widget\" data-e-type=\"widget\" data-widget_type=\"call-to-action.default\">\n\t\t\t\t<div class=\"elementor-widget-container\">\n\t\t\t\t\t\t\t<div class=\"elementor-cta\">\n\t\t\t\t\t<div class=\"elementor-cta__bg-wrapper\">\n\t\t\t\t<div class=\"elementor-cta__bg elementor-bg\" style=\"background-image: url(https:\/\/sqenabarcelona.com\/wp-content\/uploads\/2026\/01\/Osteopatia-craneal.jpg);\" role=\"img\" aria-label=\"Osteopatia craneal\"><\/div>\n\t\t\t\t<div class=\"elementor-cta__bg-overlay\"><\/div>\n\t\t\t<\/div>\n\t\t\t\t\t\t\t<div class=\"elementor-cta__content\">\n\t\t\t\t\n\t\t\t\t\t\t\t\t\t<h2 class=\"elementor-cta__title elementor-cta__content-item elementor-content-item\">\n\t\t\t\t\t\tOsteopat\u00eda <br>craneal\t\t\t\t\t<\/h2>\n\t\t\t\t\n\t\t\t\t\t\t\t\t\t<div class=\"elementor-cta__description elementor-cta__content-item elementor-content-item\">\n\t\t\t\t\t\tLiberamos las tensiones profundas del cr\u00e1neo que causan migra\u00f1as, fatiga o problemas de oclusi\u00f3n dental. Estas t\u00e9cnicas sutiles no s\u00f3lo mejoran dolores f\u00edsicos como el de cervicales, sino que ayudan a reducir el estr\u00e9s y mejorar la calidad del sue\u00f1o.\t\t\t\t\t<\/div>\n\t\t\t\t\n\t\t\t\t\t\t\t\t\t<div class=\"elementor-cta__button-wrapper elementor-cta__content-item elementor-content-item \">\n\t\t\t\t\t<a class=\"elementor-cta__button elementor-button elementor-size-\" href=\"https:\/\/sqenabarcelona.com\/tractaments\/osteopatia\/osteopatia-craneal\/\">\n\t\t\t\t\t\tInfo\t\t\t\t\t<\/a>\n\t\t\t\t\t<\/div>\n\t\t\t\t\t\t\t<\/div>\n\t\t\t\t\t\t<\/div>\n\t\t\t\t\t\t<\/div>\n\t\t\t\t<\/div>\n\t\t\t\t<\/div>\n\t\t<div class=\"elementor-element elementor-element-fe0d234 e-con-full e-flex e-con e-child\" data-id=\"fe0d234\" data-element_type=\"container\" data-e-type=\"container\">\n\t\t\t\t<div class=\"elementor-element elementor-element-84bf663 elementor-cta--skin-classic elementor-animated-content elementor-bg-transform elementor-bg-transform-zoom-in elementor-widget elementor-widget-call-to-action\" data-id=\"84bf663\" data-element_type=\"widget\" data-e-type=\"widget\" data-widget_type=\"call-to-action.default\">\n\t\t\t\t<div class=\"elementor-widget-container\">\n\t\t\t\t\t\t\t<div class=\"elementor-cta\">\n\t\t\t\t\t<div class=\"elementor-cta__bg-wrapper\">\n\t\t\t\t<div class=\"elementor-cta__bg elementor-bg\" style=\"background-image: url(https:\/\/sqenabarcelona.com\/wp-content\/uploads\/2026\/01\/Osteopatia-visceral.jpg);\" role=\"img\" aria-label=\"Osteopatia visceral a Barcelona\"><\/div>\n\t\t\t\t<div class=\"elementor-cta__bg-overlay\"><\/div>\n\t\t\t<\/div>\n\t\t\t\t\t\t\t<div class=\"elementor-cta__content\">\n\t\t\t\t\n\t\t\t\t\t\t\t\t\t<h2 class=\"elementor-cta__title elementor-cta__content-item elementor-content-item\">\n\t\t\t\t\t\tOsteopat\u00eda<br>visceral\t\t\t\t\t<\/h2>\n\t\t\t\t\n\t\t\t\t\t\t\t\t\t<div class=\"elementor-cta__description elementor-cta__content-item elementor-content-item\">\n\t\t\t\t\t\tTratamiento de trastornos digestivos funcionales como acidez, reflujo, gases o estre\u00f1imiento. Liberamos la tensi\u00f3n de los \u00f3rganos internos para mejorar la digesti\u00f3n y calmar los dolores de espalda que a menudo se derivan.\t\t\t\t\t<\/div>\n\t\t\t\t\n\t\t\t\t\t\t\t\t\t<div class=\"elementor-cta__button-wrapper elementor-cta__content-item elementor-content-item \">\n\t\t\t\t\t<a class=\"elementor-cta__button elementor-button elementor-size-\" href=\"https:\/\/sqenabarcelona.com\/tractaments\/osteopatia\/osteopatia-visceral\/\">\n\t\t\t\t\t\tInfo\t\t\t\t\t<\/a>\n\t\t\t\t\t<\/div>\n\t\t\t\t\t\t\t<\/div>\n\t\t\t\t\t\t<\/div>\n\t\t\t\t\t\t<\/div>\n\t\t\t\t<\/div>\n\t\t\t\t<\/div>\n\t\t\t\t\t<\/div>\n\t\t\t\t<\/div>\n\t\t\t\t<\/div>\n\t\t","protected":false},"excerpt":{"rendered":"<p>Tratamientos Osteopat\u00eda La osteopat\u00eda es mucho m\u00e1s que manipulaciones vertebrales. Es una disciplina que busca la ra\u00edz del problema, sea una mala postura, una digesti\u00f3n dif\u00edcil o el estr\u00e9s acumulado en la mand\u00edbula. Nuestro reto en Sqena Barcelona es detectar qu\u00e9 estructura ha perdido el equilibrio y est\u00e1 condicionando tu salud. Fusionamos lo mejor de [&hellip;]<\/p>\n","protected":false},"author":3,"featured_media":1054,"parent":3100,"menu_order":0,"comment_status":"closed","ping_status":"closed","template":"","meta":{"_joinchat":[],"footnotes":""},"class_list":["post-3133","page","type-page","status-publish","has-post-thumbnail","hentry"],"_links":{"self":[{"href":"https:\/\/sqenabarcelona.com\/es\/wp-json\/wp\/v2\/pages\/3133","targetHints":{"allow":["GET"]}}],"collection":[{"href":"https:\/\/sqenabarcelona.com\/es\/wp-json\/wp\/v2\/pages"}],"about":[{"href":"https:\/\/sqenabarcelona.com\/es\/wp-json\/wp\/v2\/types\/page"}],"author":[{"embeddable":true,"href":"https:\/\/sqenabarcelona.com\/es\/wp-json\/wp\/v2\/users\/3"}],"replies":[{"embeddable":true,"href":"https:\/\/sqenabarcelona.com\/es\/wp-json\/wp\/v2\/comments?post=3133"}],"version-history":[{"count":3,"href":"https:\/\/sqenabarcelona.com\/es\/wp-json\/wp\/v2\/pages\/3133\/revisions"}],"predecessor-version":[{"id":3513,"href":"https:\/\/sqenabarcelona.com\/es\/wp-json\/wp\/v2\/pages\/3133\/revisions\/3513"}],"up":[{"embeddable":true,"href":"https:\/\/sqenabarcelona.com\/es\/wp-json\/wp\/v2\/pages\/3100"}],"wp:featuredmedia":[{"embeddable":true,"href":"https:\/\/sqenabarcelona.com\/es\/wp-json\/wp\/v2\/media\/1054"}],"wp:attachment":[{"href":"https:\/\/sqenabarcelona.com\/es\/wp-json\/wp\/v2\/media?parent=3133"}],"curies":[{"name":"wp","href":"https:\/\/api.w.org\/{rel}","templated":true}]}}