{"id":3171,"date":"2022-05-16T19:57:37","date_gmt":"2022-05-16T17:57:37","guid":{"rendered":"https:\/\/sqenabarcelona.com\/?page_id=3171"},"modified":"2026-03-05T13:31:05","modified_gmt":"2026-03-05T12:31:05","slug":"profesionales-de-sqena-barcelona","status":"publish","type":"page","link":"https:\/\/sqenabarcelona.com\/es\/profesionales-de-sqena-barcelona\/","title":{"rendered":"Profesionales"},"content":{"rendered":"\t\t<div data-elementor-type=\"wp-page\" data-elementor-id=\"3171\" class=\"elementor elementor-3171 elementor-112\" data-elementor-post-type=\"page\">\n\t\t\t\t<div class=\"elementor-element elementor-element-9488cc1 e-flex e-con-boxed e-con e-parent\" data-id=\"9488cc1\" data-element_type=\"container\" data-e-type=\"container\" data-settings=\"{&quot;background_background&quot;:&quot;classic&quot;}\">\n\t\t\t\t\t<div class=\"e-con-inner\">\n\t\t\t\t<div class=\"elementor-element elementor-element-50c5059 elementor-widget elementor-widget-heading\" data-id=\"50c5059\" data-element_type=\"widget\" data-e-type=\"widget\" data-widget_type=\"heading.default\">\n\t\t\t\t<div class=\"elementor-widget-container\">\n\t\t\t\t\t<span class=\"elementor-heading-title elementor-size-default\">Nosotros<\/span>\t\t\t\t<\/div>\n\t\t\t\t<\/div>\n\t\t\t\t<div class=\"elementor-element elementor-element-160fec1 elementor-widget elementor-widget-heading\" data-id=\"160fec1\" data-element_type=\"widget\" data-e-type=\"widget\" data-widget_type=\"heading.default\">\n\t\t\t\t<div class=\"elementor-widget-container\">\n\t\t\t\t\t<h1 class=\"elementor-heading-title elementor-size-default\">Profesionales de Sqena Barcelona<\/h1>\t\t\t\t<\/div>\n\t\t\t\t<\/div>\n\t\t\t\t\t<\/div>\n\t\t\t\t<\/div>\n\t\t<div class=\"elementor-element elementor-element-5dc4f4b e-flex e-con-boxed e-con e-parent\" data-id=\"5dc4f4b\" data-element_type=\"container\" data-e-type=\"container\">\n\t\t\t\t\t<div class=\"e-con-inner\">\n\t\t\t\t<div class=\"elementor-element elementor-element-57a7da5 elementor-widget elementor-widget-text-editor\" data-id=\"57a7da5\" data-element_type=\"widget\" data-e-type=\"widget\" data-widget_type=\"text-editor.default\">\n\t\t\t\t<div class=\"elementor-widget-container\">\n\t\t\t\t\t\t\t\t\t<p>M\u00e1s all\u00e1 de la t\u00e9cnica, creemos en la escucha activa. Nuestro equipo est\u00e1 formado por <b>especialistas con vocaci\u00f3n que se implican personalmente en tu recuperaci\u00f3n<\/b>. Queremos ser tus compa\u00f1eros de viaje hacia el bienestar, ofreci\u00e9ndote un trato cercano, honesto y de m\u00e1xima confianza.<\/p>\n<p><b>Personas que tratan a personas<\/b><\/p>\t\t\t\t\t\t\t\t<\/div>\n\t\t\t\t<\/div>\n\t\t\t\t\t<\/div>\n\t\t\t\t<\/div>\n\t\t\t\t<section class=\"elementor-section elementor-top-section elementor-element elementor-element-bd9ba70 elementor-section-boxed elementor-section-height-default elementor-section-height-default\" data-id=\"bd9ba70\" data-element_type=\"section\" data-e-type=\"section\">\n\t\t\t\t\t\t<div class=\"elementor-container elementor-column-gap-default\">\n\t\t\t\t\t<div class=\"elementor-column elementor-col-100 elementor-top-column elementor-element elementor-element-6f44991\" data-id=\"6f44991\" data-element_type=\"column\" data-e-type=\"column\">\n\t\t\t<div class=\"elementor-widget-wrap elementor-element-populated\">\n\t\t\t\t\t\t<div class=\"elementor-element elementor-element-10dab4d elementor-posts--align-center elementor-posts__hover-none elementor-grid-3 elementor-grid-tablet-2 elementor-grid-mobile-1 elementor-posts--thumbnail-top elementor-widget elementor-widget-posts\" data-id=\"10dab4d\" data-element_type=\"widget\" data-e-type=\"widget\" data-settings=\"{&quot;cards_columns&quot;:&quot;3&quot;,&quot;cards_columns_tablet&quot;:&quot;2&quot;,&quot;cards_columns_mobile&quot;:&quot;1&quot;,&quot;cards_row_gap&quot;:{&quot;unit&quot;:&quot;px&quot;,&quot;size&quot;:35,&quot;sizes&quot;:[]},&quot;cards_row_gap_tablet&quot;:{&quot;unit&quot;:&quot;px&quot;,&quot;size&quot;:&quot;&quot;,&quot;sizes&quot;:[]},&quot;cards_row_gap_mobile&quot;:{&quot;unit&quot;:&quot;px&quot;,&quot;size&quot;:&quot;&quot;,&quot;sizes&quot;:[]}}\" data-widget_type=\"posts.cards\">\n\t\t\t\t<div class=\"elementor-widget-container\">\n\t\t\t\t\t\t\t<div class=\"elementor-posts-container elementor-posts elementor-posts--skin-cards elementor-grid\" role=\"list\">\n\t\t\t\t<article class=\"elementor-post elementor-grid-item post-1317 professionals type-professionals status-publish has-post-thumbnail hentry\" role=\"listitem\">\n\t\t\t<div class=\"elementor-post__card\">\n\t\t\t\t<a class=\"elementor-post__thumbnail__link\" href=\"https:\/\/sqenabarcelona.com\/es\/profesionales\/santiago-lopez-herrero\/\" tabindex=\"-1\" ><div class=\"elementor-post__thumbnail\"><img fetchpriority=\"high\" decoding=\"async\" width=\"363\" height=\"363\" src=\"https:\/\/sqenabarcelona.com\/wp-content\/uploads\/2022\/06\/santiago-1.jpg\" class=\"attachment-large size-large wp-image-2572\" alt=\"santiago\" srcset=\"https:\/\/sqenabarcelona.com\/wp-content\/uploads\/2022\/06\/santiago-1.jpg 363w, https:\/\/sqenabarcelona.com\/wp-content\/uploads\/2022\/06\/santiago-1-300x300.jpg 300w, https:\/\/sqenabarcelona.com\/wp-content\/uploads\/2022\/06\/santiago-1-150x150.jpg 150w\" sizes=\"(max-width: 363px) 100vw, 363px\" \/><\/div><\/a>\n\t\t\t\t<div class=\"elementor-post__text\">\n\t\t\t\t<h3 class=\"elementor-post__title\">\n\t\t\t<a href=\"https:\/\/sqenabarcelona.com\/es\/profesionales\/santiago-lopez-herrero\/\" >\n\t\t\t\tSantiago Lo\u0301pez Herrero\t\t\t<\/a>\n\t\t<\/h3>\n\t\t\t\t\t<div class=\"elementor-post__read-more-wrapper\">\n\t\t\n\t\t<a class=\"elementor-post__read-more\" href=\"https:\/\/sqenabarcelona.com\/es\/profesionales\/santiago-lopez-herrero\/\" aria-label=\"M\u00e1s informaci\u00f3n sobre Santiago Lo\u0301pez Herrero\" tabindex=\"-1\" >\n\t\t\tVer m\u00e1s\t\t<\/a>\n\n\t\t\t\t\t<\/div>\n\t\t\t\t<\/div>\n\t\t\t\t\t<\/div>\n\t\t<\/article>\n\t\t\t\t<article class=\"elementor-post elementor-grid-item post-1541 professionals type-professionals status-publish has-post-thumbnail hentry\" role=\"listitem\">\n\t\t\t<div class=\"elementor-post__card\">\n\t\t\t\t<a class=\"elementor-post__thumbnail__link\" href=\"https:\/\/sqenabarcelona.com\/es\/profesionales\/santi-gonzalez-campos\/\" tabindex=\"-1\" ><div class=\"elementor-post__thumbnail\"><img decoding=\"async\" width=\"363\" height=\"363\" src=\"https:\/\/sqenabarcelona.com\/wp-content\/uploads\/2022\/06\/santi.jpg\" class=\"attachment-large size-large wp-image-2560\" alt=\"santi\" srcset=\"https:\/\/sqenabarcelona.com\/wp-content\/uploads\/2022\/06\/santi.jpg 363w, https:\/\/sqenabarcelona.com\/wp-content\/uploads\/2022\/06\/santi-300x300.jpg 300w, https:\/\/sqenabarcelona.com\/wp-content\/uploads\/2022\/06\/santi-150x150.jpg 150w\" sizes=\"(max-width: 363px) 100vw, 363px\" \/><\/div><\/a>\n\t\t\t\t<div class=\"elementor-post__text\">\n\t\t\t\t<h3 class=\"elementor-post__title\">\n\t\t\t<a href=\"https:\/\/sqenabarcelona.com\/es\/profesionales\/santi-gonzalez-campos\/\" >\n\t\t\t\tSanti Gonz\u00e1lez Campos\t\t\t<\/a>\n\t\t<\/h3>\n\t\t\t\t\t<div class=\"elementor-post__read-more-wrapper\">\n\t\t\n\t\t<a class=\"elementor-post__read-more\" href=\"https:\/\/sqenabarcelona.com\/es\/profesionales\/santi-gonzalez-campos\/\" aria-label=\"M\u00e1s informaci\u00f3n sobre Santi Gonz\u00e1lez Campos\" tabindex=\"-1\" >\n\t\t\tVer m\u00e1s\t\t<\/a>\n\n\t\t\t\t\t<\/div>\n\t\t\t\t<\/div>\n\t\t\t\t\t<\/div>\n\t\t<\/article>\n\t\t\t\t<article class=\"elementor-post elementor-grid-item post-1542 professionals type-professionals status-publish has-post-thumbnail hentry\" role=\"listitem\">\n\t\t\t<div class=\"elementor-post__card\">\n\t\t\t\t<a class=\"elementor-post__thumbnail__link\" href=\"https:\/\/sqenabarcelona.com\/es\/profesionales\/laura-salom-seminario\/\" tabindex=\"-1\" ><div class=\"elementor-post__thumbnail\"><img decoding=\"async\" width=\"363\" height=\"363\" src=\"https:\/\/sqenabarcelona.com\/wp-content\/uploads\/2022\/06\/laura.jpg\" class=\"attachment-large size-large wp-image-2562\" alt=\"laura\" srcset=\"https:\/\/sqenabarcelona.com\/wp-content\/uploads\/2022\/06\/laura.jpg 363w, https:\/\/sqenabarcelona.com\/wp-content\/uploads\/2022\/06\/laura-300x300.jpg 300w, https:\/\/sqenabarcelona.com\/wp-content\/uploads\/2022\/06\/laura-150x150.jpg 150w\" sizes=\"(max-width: 363px) 100vw, 363px\" \/><\/div><\/a>\n\t\t\t\t<div class=\"elementor-post__text\">\n\t\t\t\t<h3 class=\"elementor-post__title\">\n\t\t\t<a href=\"https:\/\/sqenabarcelona.com\/es\/profesionales\/laura-salom-seminario\/\" >\n\t\t\t\tLaura Salom Seminario\t\t\t<\/a>\n\t\t<\/h3>\n\t\t\t\t\t<div class=\"elementor-post__read-more-wrapper\">\n\t\t\n\t\t<a class=\"elementor-post__read-more\" href=\"https:\/\/sqenabarcelona.com\/es\/profesionales\/laura-salom-seminario\/\" aria-label=\"M\u00e1s informaci\u00f3n sobre Laura Salom Seminario\" tabindex=\"-1\" >\n\t\t\tVer m\u00e1s\t\t<\/a>\n\n\t\t\t\t\t<\/div>\n\t\t\t\t<\/div>\n\t\t\t\t\t<\/div>\n\t\t<\/article>\n\t\t\t\t<article class=\"elementor-post elementor-grid-item post-1543 professionals type-professionals status-publish has-post-thumbnail hentry\" role=\"listitem\">\n\t\t\t<div class=\"elementor-post__card\">\n\t\t\t\t<a class=\"elementor-post__thumbnail__link\" href=\"https:\/\/sqenabarcelona.com\/es\/profesionales\/oriol-godia-jordana\/\" tabindex=\"-1\" ><div class=\"elementor-post__thumbnail\"><img loading=\"lazy\" decoding=\"async\" width=\"363\" height=\"363\" src=\"https:\/\/sqenabarcelona.com\/wp-content\/uploads\/2022\/06\/oriol.jpg\" class=\"attachment-large size-large wp-image-2564\" alt=\"oriol\" srcset=\"https:\/\/sqenabarcelona.com\/wp-content\/uploads\/2022\/06\/oriol.jpg 363w, https:\/\/sqenabarcelona.com\/wp-content\/uploads\/2022\/06\/oriol-300x300.jpg 300w, https:\/\/sqenabarcelona.com\/wp-content\/uploads\/2022\/06\/oriol-150x150.jpg 150w\" sizes=\"(max-width: 363px) 100vw, 363px\" \/><\/div><\/a>\n\t\t\t\t<div class=\"elementor-post__text\">\n\t\t\t\t<h3 class=\"elementor-post__title\">\n\t\t\t<a href=\"https:\/\/sqenabarcelona.com\/es\/profesionales\/oriol-godia-jordana\/\" >\n\t\t\t\tOriol Godia Jordana\t\t\t<\/a>\n\t\t<\/h3>\n\t\t\t\t\t<div class=\"elementor-post__read-more-wrapper\">\n\t\t\n\t\t<a class=\"elementor-post__read-more\" href=\"https:\/\/sqenabarcelona.com\/es\/profesionales\/oriol-godia-jordana\/\" aria-label=\"M\u00e1s informaci\u00f3n sobre Oriol Godia Jordana\" tabindex=\"-1\" >\n\t\t\tVer m\u00e1s\t\t<\/a>\n\n\t\t\t\t\t<\/div>\n\t\t\t\t<\/div>\n\t\t\t\t\t<\/div>\n\t\t<\/article>\n\t\t\t\t<article class=\"elementor-post elementor-grid-item post-1544 professionals type-professionals status-publish has-post-thumbnail hentry\" role=\"listitem\">\n\t\t\t<div class=\"elementor-post__card\">\n\t\t\t\t<a class=\"elementor-post__thumbnail__link\" href=\"https:\/\/sqenabarcelona.com\/es\/profesionales\/alesander-badiola-zabala\/\" tabindex=\"-1\" ><div class=\"elementor-post__thumbnail\"><img loading=\"lazy\" decoding=\"async\" width=\"363\" height=\"363\" src=\"https:\/\/sqenabarcelona.com\/wp-content\/uploads\/2022\/06\/Alesander.jpg\" class=\"attachment-large size-large wp-image-2566\" alt=\"Alesander\" srcset=\"https:\/\/sqenabarcelona.com\/wp-content\/uploads\/2022\/06\/Alesander.jpg 363w, https:\/\/sqenabarcelona.com\/wp-content\/uploads\/2022\/06\/Alesander-300x300.jpg 300w, https:\/\/sqenabarcelona.com\/wp-content\/uploads\/2022\/06\/Alesander-150x150.jpg 150w\" sizes=\"(max-width: 363px) 100vw, 363px\" \/><\/div><\/a>\n\t\t\t\t<div class=\"elementor-post__text\">\n\t\t\t\t<h3 class=\"elementor-post__title\">\n\t\t\t<a href=\"https:\/\/sqenabarcelona.com\/es\/profesionales\/alesander-badiola-zabala\/\" >\n\t\t\t\tAlesander Badiola Zabala\t\t\t<\/a>\n\t\t<\/h3>\n\t\t\t\t\t<div class=\"elementor-post__read-more-wrapper\">\n\t\t\n\t\t<a class=\"elementor-post__read-more\" href=\"https:\/\/sqenabarcelona.com\/es\/profesionales\/alesander-badiola-zabala\/\" aria-label=\"M\u00e1s informaci\u00f3n sobre Alesander Badiola Zabala\" tabindex=\"-1\" >\n\t\t\tVer m\u00e1s\t\t<\/a>\n\n\t\t\t\t\t<\/div>\n\t\t\t\t<\/div>\n\t\t\t\t\t<\/div>\n\t\t<\/article>\n\t\t\t\t<article class=\"elementor-post elementor-grid-item post-3181 professionals type-professionals status-publish has-post-thumbnail hentry\" role=\"listitem\">\n\t\t\t<div class=\"elementor-post__card\">\n\t\t\t\t<a class=\"elementor-post__thumbnail__link\" href=\"https:\/\/sqenabarcelona.com\/es\/profesionales\/ferran-lopez-i-gonzalez\/\" tabindex=\"-1\" ><div class=\"elementor-post__thumbnail\"><img loading=\"lazy\" decoding=\"async\" width=\"363\" height=\"363\" src=\"https:\/\/sqenabarcelona.com\/wp-content\/uploads\/2022\/06\/Ferran-Lopez-i-Gonzalez.jpg\" class=\"attachment-large size-large wp-image-2568\" alt=\"Ferran-L\u00f3pez-i-Gonz\u00e1lez\" srcset=\"https:\/\/sqenabarcelona.com\/wp-content\/uploads\/2022\/06\/Ferran-Lopez-i-Gonzalez.jpg 363w, https:\/\/sqenabarcelona.com\/wp-content\/uploads\/2022\/06\/Ferran-Lopez-i-Gonzalez-300x300.jpg 300w, https:\/\/sqenabarcelona.com\/wp-content\/uploads\/2022\/06\/Ferran-Lopez-i-Gonzalez-150x150.jpg 150w\" sizes=\"(max-width: 363px) 100vw, 363px\" \/><\/div><\/a>\n\t\t\t\t<div class=\"elementor-post__text\">\n\t\t\t\t<h3 class=\"elementor-post__title\">\n\t\t\t<a href=\"https:\/\/sqenabarcelona.com\/es\/profesionales\/ferran-lopez-i-gonzalez\/\" >\n\t\t\t\tFerran L\u00f3pez i Gonz\u00e1lez\t\t\t<\/a>\n\t\t<\/h3>\n\t\t\t\t\t<div class=\"elementor-post__read-more-wrapper\">\n\t\t\n\t\t<a class=\"elementor-post__read-more\" href=\"https:\/\/sqenabarcelona.com\/es\/profesionales\/ferran-lopez-i-gonzalez\/\" aria-label=\"M\u00e1s informaci\u00f3n sobre Ferran L\u00f3pez i Gonz\u00e1lez\" tabindex=\"-1\" >\n\t\t\tVer m\u00e1s\t\t<\/a>\n\n\t\t\t\t\t<\/div>\n\t\t\t\t<\/div>\n\t\t\t\t\t<\/div>\n\t\t<\/article>\n\t\t\t\t<\/div>\n\t\t\n\t\t\t\t\t\t<\/div>\n\t\t\t\t<\/div>\n\t\t\t\t\t<\/div>\n\t\t<\/div>\n\t\t\t\t\t<\/div>\n\t\t<\/section>\n\t\t\t\t<\/div>\n\t\t","protected":false},"excerpt":{"rendered":"<p>Nosotros Profesionales de Sqena Barcelona M\u00e1s all\u00e1 de la t\u00e9cnica, creemos en la escucha activa. Nuestro equipo est\u00e1 formado por especialistas con vocaci\u00f3n que se<\/p>\n","protected":false},"author":3,"featured_media":3483,"parent":0,"menu_order":0,"comment_status":"closed","ping_status":"closed","template":"elementor_header_footer","meta":{"_joinchat":[],"footnotes":""},"class_list":["post-3171","page","type-page","status-publish","has-post-thumbnail","hentry"],"_links":{"self":[{"href":"https:\/\/sqenabarcelona.com\/es\/wp-json\/wp\/v2\/pages\/3171","targetHints":{"allow":["GET"]}}],"collection":[{"href":"https:\/\/sqenabarcelona.com\/es\/wp-json\/wp\/v2\/pages"}],"about":[{"href":"https:\/\/sqenabarcelona.com\/es\/wp-json\/wp\/v2\/types\/page"}],"author":[{"embeddable":true,"href":"https:\/\/sqenabarcelona.com\/es\/wp-json\/wp\/v2\/users\/3"}],"replies":[{"embeddable":true,"href":"https:\/\/sqenabarcelona.com\/es\/wp-json\/wp\/v2\/comments?post=3171"}],"version-history":[{"count":6,"href":"https:\/\/sqenabarcelona.com\/es\/wp-json\/wp\/v2\/pages\/3171\/revisions"}],"predecessor-version":[{"id":3476,"href":"https:\/\/sqenabarcelona.com\/es\/wp-json\/wp\/v2\/pages\/3171\/revisions\/3476"}],"wp:featuredmedia":[{"embeddable":true,"href":"https:\/\/sqenabarcelona.com\/es\/wp-json\/wp\/v2\/media\/3483"}],"wp:attachment":[{"href":"https:\/\/sqenabarcelona.com\/es\/wp-json\/wp\/v2\/media?parent=3171"}],"curies":[{"name":"wp","href":"https:\/\/api.w.org\/{rel}","templated":true}]}}